{"id":925,"date":"2023-08-08T09:23:38","date_gmt":"2023-08-08T07:23:38","guid":{"rendered":"https:\/\/www.novekurenie.sk\/?page_id=925"},"modified":"2023-10-12T17:01:22","modified_gmt":"2023-10-12T15:01:22","slug":"fotovoltaicke-zasobniky","status":"publish","type":"page","link":"https:\/\/www.novekurenie.sk\/?page_id=925","title":{"rendered":"fotovoltaick\u00e9 z\u00e1sobn\u00edky"},"content":{"rendered":"","protected":false},"excerpt":{"rendered":"","protected":false},"author":1,"featured_media":0,"parent":0,"menu_order":0,"comment_status":"closed","ping_status":"closed","template":"","meta":{"footnotes":""},"class_list":["post-925","page","type-page","status-publish","hentry"],"_links":{"self":[{"href":"https:\/\/www.novekurenie.sk\/index.php?rest_route=\/wp\/v2\/pages\/925","targetHints":{"allow":["GET"]}}],"collection":[{"href":"https:\/\/www.novekurenie.sk\/index.php?rest_route=\/wp\/v2\/pages"}],"about":[{"href":"https:\/\/www.novekurenie.sk\/index.php?rest_route=\/wp\/v2\/types\/page"}],"author":[{"embeddable":true,"href":"https:\/\/www.novekurenie.sk\/index.php?rest_route=\/wp\/v2\/users\/1"}],"replies":[{"embeddable":true,"href":"https:\/\/www.novekurenie.sk\/index.php?rest_route=%2Fwp%2Fv2%2Fcomments&post=925"}],"version-history":[{"count":3,"href":"https:\/\/www.novekurenie.sk\/index.php?rest_route=\/wp\/v2\/pages\/925\/revisions"}],"predecessor-version":[{"id":960,"href":"https:\/\/www.novekurenie.sk\/index.php?rest_route=\/wp\/v2\/pages\/925\/revisions\/960"}],"wp:attachment":[{"href":"https:\/\/www.novekurenie.sk\/index.php?rest_route=%2Fwp%2Fv2%2Fmedia&parent=925"}],"curies":[{"name":"wp","href":"https:\/\/api.w.org\/{rel}","templated":true}]}}